{"id":4064,"date":"2020-06-17T17:15:34","date_gmt":"2020-06-17T20:15:34","guid":{"rendered":"https:\/\/meriansrl.com\/home\/?post_type=product&#038;p=4064"},"modified":"2020-07-01T16:02:03","modified_gmt":"2020-07-01T19:02:03","slug":"alambre-boehler-ti-71t-1c","status":"publish","type":"product","link":"https:\/\/meriansrl.com\/home\/producto\/alambre-boehler-ti-71t-1c\/","title":{"rendered":"Alambre BOEHLER TI 71T &#8211; 1C"},"content":{"rendered":"<p><img loading=\"lazy\" decoding=\"async\" class=\"alignnone wp-image-4065 size-full\" src=\"https:\/\/meriansrl.com\/home\/wp-content\/uploads\/2020\/06\/TI71T1C.png\" alt=\"\" width=\"784\" height=\"235\" srcset=\"https:\/\/meriansrl.com\/home\/wp-content\/uploads\/2020\/06\/TI71T1C.png 784w, https:\/\/meriansrl.com\/home\/wp-content\/uploads\/2020\/06\/TI71T1C-768x230.png 768w, https:\/\/meriansrl.com\/home\/wp-content\/uploads\/2020\/06\/TI71T1C-640x192.png 640w, https:\/\/meriansrl.com\/home\/wp-content\/uploads\/2020\/06\/TI71T1C-400x120.png 400w, https:\/\/meriansrl.com\/home\/wp-content\/uploads\/2020\/06\/TI71T1C-600x180.png 600w\" sizes=\"auto, (max-width: 784px) 100vw, 784px\" \/><\/p>\n","protected":false},"excerpt":{"rendered":"<p>Alambre tubular rut\u00edlico aplicable en todas las posiciones. Desarrollado para la industria de la tuber\u00eda. Propiedades mec\u00e1nicas excelentes, f\u00e1cil eliminaci\u00f3n de la escoria. Gas de protecci\u00f3n: Mix (Ar + 15-25 % CO2) o 100% CO2.<\/p>\n","protected":false},"featured_media":3513,"comment_status":"open","ping_status":"closed","template":"","meta":[],"class_list":{"0":"post-4064","1":"product","2":"type-product","3":"status-publish","4":"has-post-thumbnail","6":"product_cat-aceros-no-aleados","7":"product_cat-alambres-tubulares","8":"product_cat-consumibles-y-aportes","9":"yith_product_brand-bluweld","11":"first","12":"instock","13":"taxable","14":"shipping-taxable","15":"product-type-simple"},"_links":{"self":[{"href":"https:\/\/meriansrl.com\/home\/wp-json\/wp\/v2\/product\/4064","targetHints":{"allow":["GET"]}}],"collection":[{"href":"https:\/\/meriansrl.com\/home\/wp-json\/wp\/v2\/product"}],"about":[{"href":"https:\/\/meriansrl.com\/home\/wp-json\/wp\/v2\/types\/product"}],"replies":[{"embeddable":true,"href":"https:\/\/meriansrl.com\/home\/wp-json\/wp\/v2\/comments?post=4064"}],"wp:featuredmedia":[{"embeddable":true,"href":"https:\/\/meriansrl.com\/home\/wp-json\/wp\/v2\/media\/3513"}],"wp:attachment":[{"href":"https:\/\/meriansrl.com\/home\/wp-json\/wp\/v2\/media?parent=4064"}],"curies":[{"name":"wp","href":"https:\/\/api.w.org\/{rel}","templated":true}]}}