{"id":4072,"date":"2020-06-18T14:42:23","date_gmt":"2020-06-18T17:42:23","guid":{"rendered":"https:\/\/meriansrl.com\/home\/?post_type=product&#038;p=4072"},"modified":"2020-06-18T14:45:46","modified_gmt":"2020-06-18T17:45:46","slug":"alambre-inox-e-316lt1-4","status":"publish","type":"product","link":"https:\/\/meriansrl.com\/home\/producto\/alambre-inox-e-316lt1-4\/","title":{"rendered":"Alambre Inox.  (E 316 LT1-4\/1)"},"content":{"rendered":"<p><img loading=\"lazy\" decoding=\"async\" class=\"alignnone wp-image-4073 size-full\" src=\"https:\/\/meriansrl.com\/home\/wp-content\/uploads\/2020\/06\/316-LT1.png\" alt=\"\" width=\"1025\" height=\"219\" srcset=\"https:\/\/meriansrl.com\/home\/wp-content\/uploads\/2020\/06\/316-LT1.png 1025w, https:\/\/meriansrl.com\/home\/wp-content\/uploads\/2020\/06\/316-LT1-768x164.png 768w, https:\/\/meriansrl.com\/home\/wp-content\/uploads\/2020\/06\/316-LT1-640x137.png 640w, https:\/\/meriansrl.com\/home\/wp-content\/uploads\/2020\/06\/316-LT1-400x85.png 400w, https:\/\/meriansrl.com\/home\/wp-content\/uploads\/2020\/06\/316-LT1-600x128.png 600w\" sizes=\"auto, (max-width: 1025px) 100vw, 1025px\" \/><\/p>\n","protected":false},"excerpt":{"rendered":"<p>Alambre tubular rut\u00edlico para la soldadura horizontal. Escoria autoeliminable, casi no genera proyecciones ni decoloraci\u00f3n al temple. Acabado liso del cord\u00f3n y penetraci\u00f3n segura. Apto para temperaturas de servicio de -120\u00baC a +400\u00baC.<\/p>\n","protected":false},"featured_media":3513,"comment_status":"open","ping_status":"closed","template":"","meta":[],"class_list":{"0":"post-4072","1":"product","2":"type-product","3":"status-publish","4":"has-post-thumbnail","6":"product_cat-alambres-tubulares","7":"product_cat-alambres-tubulares-inoxidables","8":"product_cat-consumibles-y-aportes","9":"yith_product_brand-bohler","11":"first","12":"instock","13":"taxable","14":"shipping-taxable","15":"product-type-simple"},"_links":{"self":[{"href":"https:\/\/meriansrl.com\/home\/wp-json\/wp\/v2\/product\/4072","targetHints":{"allow":["GET"]}}],"collection":[{"href":"https:\/\/meriansrl.com\/home\/wp-json\/wp\/v2\/product"}],"about":[{"href":"https:\/\/meriansrl.com\/home\/wp-json\/wp\/v2\/types\/product"}],"replies":[{"embeddable":true,"href":"https:\/\/meriansrl.com\/home\/wp-json\/wp\/v2\/comments?post=4072"}],"wp:featuredmedia":[{"embeddable":true,"href":"https:\/\/meriansrl.com\/home\/wp-json\/wp\/v2\/media\/3513"}],"wp:attachment":[{"href":"https:\/\/meriansrl.com\/home\/wp-json\/wp\/v2\/media?parent=4072"}],"curies":[{"name":"wp","href":"https:\/\/api.w.org\/{rel}","templated":true}]}}