{"id":4159,"date":"2020-07-02T09:49:40","date_gmt":"2020-07-02T12:49:40","guid":{"rendered":"https:\/\/meriansrl.com\/home\/?post_type=product&#038;p=4159"},"modified":"2020-07-02T09:49:41","modified_gmt":"2020-07-02T12:49:41","slug":"diluyente-p-convertech","status":"publish","type":"product","link":"https:\/\/meriansrl.com\/home\/producto\/diluyente-p-convertech\/","title":{"rendered":"Diluyente p\/Convertech"},"content":{"rendered":"<p><img loading=\"lazy\" decoding=\"async\" class=\"alignnone wp-image-4161 size-full\" src=\"https:\/\/meriansrl.com\/home\/wp-content\/uploads\/2020\/07\/CARAC-ZINC-MASTIC.png\" alt=\"\" width=\"684\" height=\"310\" srcset=\"https:\/\/meriansrl.com\/home\/wp-content\/uploads\/2020\/07\/CARAC-ZINC-MASTIC.png 684w, https:\/\/meriansrl.com\/home\/wp-content\/uploads\/2020\/07\/CARAC-ZINC-MASTIC-640x290.png 640w, https:\/\/meriansrl.com\/home\/wp-content\/uploads\/2020\/07\/CARAC-ZINC-MASTIC-400x181.png 400w, https:\/\/meriansrl.com\/home\/wp-content\/uploads\/2020\/07\/CARAC-ZINC-MASTIC-600x272.png 600w\" sizes=\"auto, (max-width: 684px) 100vw, 684px\" \/><\/p>\n","protected":false},"excerpt":{"rendered":"<p class=\"Estilo14\" align=\"left\">Revestimiento Epoxi monocomponente de \u00faltima generaci\u00f3n. Posee un alto contenido de Zinc met\u00e1lico sublimado electrol\u00edtico &#8211; 88% &#8211; que le confiere a los metales donde es aplicado un extraordinario poder anticorrosivo por protecci\u00f3n cat\u00f3dica entre el Zinc y el sustrato met\u00e1lico.<\/p>\n<p align=\"left\">Ventajas: Ideal para utilizar en tanques, piping, estructuras, techos, torres de AT, gr\u00faas, puentes, embarcaciones, hormig\u00f3n, bandejas portacables, regalvanizado.<\/p>\n","protected":false},"featured_media":4160,"comment_status":"open","ping_status":"closed","template":"","meta":[],"class_list":{"0":"post-4159","1":"product","2":"type-product","3":"status-publish","4":"has-post-thumbnail","6":"product_cat-auxiliares-torchas","7":"product_cat-varios","9":"first","10":"instock","11":"taxable","12":"shipping-taxable","13":"product-type-simple"},"_links":{"self":[{"href":"https:\/\/meriansrl.com\/home\/wp-json\/wp\/v2\/product\/4159","targetHints":{"allow":["GET"]}}],"collection":[{"href":"https:\/\/meriansrl.com\/home\/wp-json\/wp\/v2\/product"}],"about":[{"href":"https:\/\/meriansrl.com\/home\/wp-json\/wp\/v2\/types\/product"}],"replies":[{"embeddable":true,"href":"https:\/\/meriansrl.com\/home\/wp-json\/wp\/v2\/comments?post=4159"}],"wp:featuredmedia":[{"embeddable":true,"href":"https:\/\/meriansrl.com\/home\/wp-json\/wp\/v2\/media\/4160"}],"wp:attachment":[{"href":"https:\/\/meriansrl.com\/home\/wp-json\/wp\/v2\/media?parent=4159"}],"curies":[{"name":"wp","href":"https:\/\/api.w.org\/{rel}","templated":true}]}}