{"id":4162,"date":"2020-07-02T11:17:51","date_gmt":"2020-07-02T14:17:51","guid":{"rendered":"https:\/\/meriansrl.com\/home\/?post_type=product&#038;p=4162"},"modified":"2020-07-02T11:19:19","modified_gmt":"2020-07-02T14:19:19","slug":"desengrasante-desoxidante-fosfatizante","status":"publish","type":"product","link":"https:\/\/meriansrl.com\/home\/producto\/desengrasante-desoxidante-fosfatizante\/","title":{"rendered":"Desengrasante &#8211; Desoxidante &#8211; Fosfatizante"},"content":{"rendered":"<p>CODIGO: TRYMULT10 | DESENGRAS.-DESOXID.-FOSFATIZAN.MULTIFOX <strong>10<\/strong> LT<\/p>\n<p>CODIGO: TRYMULT30 | DESENGRAS.-DESOXID.-FOSFATIZAN.MULTIFOX <strong>30<\/strong> LT<\/p>\n","protected":false},"excerpt":{"rendered":"<p>Formulado qu\u00edmico que desengrasa, desoxida y protege levemente a las piezas de acero en una sola operaci\u00f3n. No contiene \u00c1lcalis, solventes ni \u00e1cidos t\u00f3xicos y puede utilizarse en la industria alimenticia. No ataca las piezas desoxidadas y es f\u00e1cilmente aplicable &#8211; por su fluidez &#8211; en inmersi\u00f3n, pincelado o aspersi\u00f3n. No libera vapores ni olores desagradables minimizando el impacto ambiental y las precauciones del personal. Es biodegradable.<\/p>\n","protected":false},"featured_media":4163,"comment_status":"open","ping_status":"closed","template":"","meta":[],"class_list":{"0":"post-4162","1":"product","2":"type-product","3":"status-publish","4":"has-post-thumbnail","6":"product_cat-auxiliares-torchas","7":"product_cat-varios","9":"first","10":"instock","11":"taxable","12":"shipping-taxable","13":"product-type-simple"},"_links":{"self":[{"href":"https:\/\/meriansrl.com\/home\/wp-json\/wp\/v2\/product\/4162","targetHints":{"allow":["GET"]}}],"collection":[{"href":"https:\/\/meriansrl.com\/home\/wp-json\/wp\/v2\/product"}],"about":[{"href":"https:\/\/meriansrl.com\/home\/wp-json\/wp\/v2\/types\/product"}],"replies":[{"embeddable":true,"href":"https:\/\/meriansrl.com\/home\/wp-json\/wp\/v2\/comments?post=4162"}],"wp:featuredmedia":[{"embeddable":true,"href":"https:\/\/meriansrl.com\/home\/wp-json\/wp\/v2\/media\/4163"}],"wp:attachment":[{"href":"https:\/\/meriansrl.com\/home\/wp-json\/wp\/v2\/media?parent=4162"}],"curies":[{"name":"wp","href":"https:\/\/api.w.org\/{rel}","templated":true}]}}