{"id":4167,"date":"2020-07-02T12:03:18","date_gmt":"2020-07-02T15:03:18","guid":{"rendered":"https:\/\/meriansrl.com\/home\/?post_type=product&#038;p=4167"},"modified":"2020-07-02T12:03:57","modified_gmt":"2020-07-02T15:03:57","slug":"detector-cont-ferritica","status":"publish","type":"product","link":"https:\/\/meriansrl.com\/home\/producto\/detector-cont-ferritica\/","title":{"rendered":"Detector Cont. Ferr\u00edtica"},"content":{"rendered":"<p>C\u00d3DIGO: TRYFE05 | DETECTOR CONTAMIN. INOX FERRITECH X 500CC<\/p>\n<p><img loading=\"lazy\" decoding=\"async\" class=\"alignnone wp-image-4168 size-full\" src=\"https:\/\/meriansrl.com\/home\/wp-content\/uploads\/2020\/07\/CARAC-FERRITECH.png\" alt=\"\" width=\"897\" height=\"321\" srcset=\"https:\/\/meriansrl.com\/home\/wp-content\/uploads\/2020\/07\/CARAC-FERRITECH.png 897w, https:\/\/meriansrl.com\/home\/wp-content\/uploads\/2020\/07\/CARAC-FERRITECH-768x275.png 768w, https:\/\/meriansrl.com\/home\/wp-content\/uploads\/2020\/07\/CARAC-FERRITECH-640x229.png 640w, https:\/\/meriansrl.com\/home\/wp-content\/uploads\/2020\/07\/CARAC-FERRITECH-400x143.png 400w, https:\/\/meriansrl.com\/home\/wp-content\/uploads\/2020\/07\/CARAC-FERRITECH-600x215.png 600w\" sizes=\"auto, (max-width: 897px) 100vw, 897px\" \/><\/p>\n","protected":false},"excerpt":{"rendered":"<p>Flu\u00eddo utilizado para detectar contaminaci\u00f3n ferr\u00edtica en aceros inoxidables austen\u00edticos.<\/p>\n","protected":false},"featured_media":4169,"comment_status":"open","ping_status":"closed","template":"","meta":[],"class_list":{"0":"post-4167","1":"product","2":"type-product","3":"status-publish","4":"has-post-thumbnail","6":"product_cat-auxiliares-torchas","7":"product_cat-varios","9":"first","10":"instock","11":"taxable","12":"shipping-taxable","13":"product-type-simple"},"_links":{"self":[{"href":"https:\/\/meriansrl.com\/home\/wp-json\/wp\/v2\/product\/4167","targetHints":{"allow":["GET"]}}],"collection":[{"href":"https:\/\/meriansrl.com\/home\/wp-json\/wp\/v2\/product"}],"about":[{"href":"https:\/\/meriansrl.com\/home\/wp-json\/wp\/v2\/types\/product"}],"replies":[{"embeddable":true,"href":"https:\/\/meriansrl.com\/home\/wp-json\/wp\/v2\/comments?post=4167"}],"wp:featuredmedia":[{"embeddable":true,"href":"https:\/\/meriansrl.com\/home\/wp-json\/wp\/v2\/media\/4169"}],"wp:attachment":[{"href":"https:\/\/meriansrl.com\/home\/wp-json\/wp\/v2\/media?parent=4167"}],"curies":[{"name":"wp","href":"https:\/\/api.w.org\/{rel}","templated":true}]}}