{"id":4173,"date":"2020-07-02T12:20:35","date_gmt":"2020-07-02T15:20:35","guid":{"rendered":"https:\/\/meriansrl.com\/home\/?post_type=product&#038;p=4173"},"modified":"2020-07-02T12:20:35","modified_gmt":"2020-07-02T15:20:35","slug":"revestimiento-metalico-inox","status":"publish","type":"product","link":"https:\/\/meriansrl.com\/home\/producto\/revestimiento-metalico-inox\/","title":{"rendered":"Revestimiento Met\u00e1lico Inox."},"content":{"rendered":"<p>C\u00d3DIGO: TRYSK3161 | REVESTIMIENTO METALICO INOX.SK316 <strong>1<\/strong> LT<\/p>\n<p><img loading=\"lazy\" decoding=\"async\" class=\"alignnone wp-image-4175 size-full\" src=\"https:\/\/meriansrl.com\/home\/wp-content\/uploads\/2020\/07\/CARAC-SK316.png\" alt=\"\" width=\"983\" height=\"387\" srcset=\"https:\/\/meriansrl.com\/home\/wp-content\/uploads\/2020\/07\/CARAC-SK316.png 983w, https:\/\/meriansrl.com\/home\/wp-content\/uploads\/2020\/07\/CARAC-SK316-768x302.png 768w, https:\/\/meriansrl.com\/home\/wp-content\/uploads\/2020\/07\/CARAC-SK316-640x252.png 640w, https:\/\/meriansrl.com\/home\/wp-content\/uploads\/2020\/07\/CARAC-SK316-400x157.png 400w, https:\/\/meriansrl.com\/home\/wp-content\/uploads\/2020\/07\/CARAC-SK316-600x236.png 600w\" sizes=\"auto, (max-width: 983px) 100vw, 983px\" \/><\/p>\n","protected":false},"excerpt":{"rendered":"<p class=\"Estilo14\" align=\"left\">Las ventajas del Acero Inoxidable son ampliamente conocidas, cabe destacar como las principales propiedades: su alta resistencia a la corrosi\u00f3n, a diversos ataques qu\u00edmicos, resistencia a altas \/ bajas temperaturas e inocuidad.<\/p>\n<p class=\"Estilo14\" align=\"left\">Ahora muchas de estas ventajas se han logrado plasmar en nuestra l\u00ednea de pinturas de alto rendimiento, permitiendo dar a cualquier superficie (met\u00e1lica o no met\u00e1lica) no s\u00f3lo la apariencia del Acero Inoxidable, sino tambi\u00e9n su alto poder anticorrosivo y dem\u00e1s caracter\u00edsticas con una notable disminuci\u00f3n del costo en relaci\u00f3n a este tipo de aceros.<\/p>\n<p class=\"Estilo14\" align=\"left\">Este producto contienen una alta concentraci\u00f3n de part\u00edculas ultra finas de Acero Inoxidable A. I. S. I. 316.<\/p>\n","protected":false},"featured_media":4174,"comment_status":"open","ping_status":"closed","template":"","meta":[],"class_list":{"0":"post-4173","1":"product","2":"type-product","3":"status-publish","4":"has-post-thumbnail","6":"product_cat-auxiliares-torchas","7":"product_cat-varios","9":"first","10":"instock","11":"taxable","12":"shipping-taxable","13":"product-type-simple"},"_links":{"self":[{"href":"https:\/\/meriansrl.com\/home\/wp-json\/wp\/v2\/product\/4173","targetHints":{"allow":["GET"]}}],"collection":[{"href":"https:\/\/meriansrl.com\/home\/wp-json\/wp\/v2\/product"}],"about":[{"href":"https:\/\/meriansrl.com\/home\/wp-json\/wp\/v2\/types\/product"}],"replies":[{"embeddable":true,"href":"https:\/\/meriansrl.com\/home\/wp-json\/wp\/v2\/comments?post=4173"}],"wp:featuredmedia":[{"embeddable":true,"href":"https:\/\/meriansrl.com\/home\/wp-json\/wp\/v2\/media\/4174"}],"wp:attachment":[{"href":"https:\/\/meriansrl.com\/home\/wp-json\/wp\/v2\/media?parent=4173"}],"curies":[{"name":"wp","href":"https:\/\/api.w.org\/{rel}","templated":true}]}}