{"id":4176,"date":"2020-07-02T12:25:43","date_gmt":"2020-07-02T15:25:43","guid":{"rendered":"https:\/\/meriansrl.com\/home\/?post_type=product&#038;p=4176"},"modified":"2020-07-02T12:25:43","modified_gmt":"2020-07-02T15:25:43","slug":"revestimiento-metalico-inox-sanitario","status":"publish","type":"product","link":"https:\/\/meriansrl.com\/home\/producto\/revestimiento-metalico-inox-sanitario\/","title":{"rendered":"Revestimiento Met\u00e1lico Inox. Sanitario"},"content":{"rendered":"<p>C\u00d3DIGO: TRYSK316S1 | REVESTIMIENTO METALICO INOX.SK316 1 LT.SANITA<\/p>\n<p><img loading=\"lazy\" decoding=\"async\" class=\"alignnone wp-image-4177 size-full\" src=\"https:\/\/meriansrl.com\/home\/wp-content\/uploads\/2020\/07\/CARAC-SK316SANI.png\" alt=\"\" width=\"875\" height=\"373\" srcset=\"https:\/\/meriansrl.com\/home\/wp-content\/uploads\/2020\/07\/CARAC-SK316SANI.png 875w, https:\/\/meriansrl.com\/home\/wp-content\/uploads\/2020\/07\/CARAC-SK316SANI-768x327.png 768w, https:\/\/meriansrl.com\/home\/wp-content\/uploads\/2020\/07\/CARAC-SK316SANI-640x273.png 640w, https:\/\/meriansrl.com\/home\/wp-content\/uploads\/2020\/07\/CARAC-SK316SANI-400x171.png 400w, https:\/\/meriansrl.com\/home\/wp-content\/uploads\/2020\/07\/CARAC-SK316SANI-600x256.png 600w\" sizes=\"auto, (max-width: 875px) 100vw, 875px\" \/><\/p>\n","protected":false},"excerpt":{"rendered":"<p class=\"Estilo14\" align=\"left\">Esmalte bicomponente en base a resinas ep\u00f3xicas geladas y convertidores poliam\u00eddicos mas una alta carga de Acero Inoxidable en part\u00edculas ultra finas.<\/p>\n<p class=\"Estilo14\" align=\"left\">Una vez aplicado genera una pel\u00edcula de barrera de mayor espesor a lo habitual con una terminaci\u00f3n met\u00e1lica brillante de extrema dureza. Por no poseer solventes en su formulaci\u00f3n la utilizaci\u00f3n de este producto es espec\u00edficamente recomendada para la protecci\u00f3n de equipos, ca\u00f1er\u00edas, tanques y vasijas o cualquier otra demanda en la industria alimenticia, frigor\u00edfica, de bebidas o laboratorios.<\/p>\n","protected":false},"featured_media":4178,"comment_status":"open","ping_status":"closed","template":"","meta":[],"class_list":{"0":"post-4176","1":"product","2":"type-product","3":"status-publish","4":"has-post-thumbnail","6":"product_cat-auxiliares-torchas","7":"product_cat-varios","9":"first","10":"instock","11":"taxable","12":"shipping-taxable","13":"product-type-simple"},"_links":{"self":[{"href":"https:\/\/meriansrl.com\/home\/wp-json\/wp\/v2\/product\/4176","targetHints":{"allow":["GET"]}}],"collection":[{"href":"https:\/\/meriansrl.com\/home\/wp-json\/wp\/v2\/product"}],"about":[{"href":"https:\/\/meriansrl.com\/home\/wp-json\/wp\/v2\/types\/product"}],"replies":[{"embeddable":true,"href":"https:\/\/meriansrl.com\/home\/wp-json\/wp\/v2\/comments?post=4176"}],"wp:featuredmedia":[{"embeddable":true,"href":"https:\/\/meriansrl.com\/home\/wp-json\/wp\/v2\/media\/4178"}],"wp:attachment":[{"href":"https:\/\/meriansrl.com\/home\/wp-json\/wp\/v2\/media?parent=4176"}],"curies":[{"name":"wp","href":"https:\/\/api.w.org\/{rel}","templated":true}]}}