{"id":4182,"date":"2020-07-02T14:28:03","date_gmt":"2020-07-02T17:28:03","guid":{"rendered":"https:\/\/meriansrl.com\/home\/?post_type=product&#038;p=4182"},"modified":"2020-07-02T14:28:22","modified_gmt":"2020-07-02T17:28:22","slug":"revestimiento-p-galvanizar-mate","status":"publish","type":"product","link":"https:\/\/meriansrl.com\/home\/producto\/revestimiento-p-galvanizar-mate\/","title":{"rendered":"Revestimiento P\/Galvanizar Mate"},"content":{"rendered":"<p>C\u00d3DIGO: TRYCONZA | CONVERTECH Z AEROSOL REVES.P\/GALVANIZAR MATE<\/p>\n<p>C\u00d3DIGO: TRYCONZ1 | CONVERTECH Z <strong>1<\/strong> LT. REVES.P\/GALVANIZAR MATE<\/p>\n<p>C\u00d3DIGO: TRYCONZ4 | CONVERTECH Z <strong>4<\/strong> LT. REVES.P\/GALVANIZAR MATE<\/p>\n<p>&nbsp;<\/p>\n<p><img loading=\"lazy\" decoding=\"async\" class=\"alignnone wp-image-4183 size-full\" src=\"https:\/\/meriansrl.com\/home\/wp-content\/uploads\/2020\/07\/carac-convertechz.png\" alt=\"\" width=\"741\" height=\"337\" srcset=\"https:\/\/meriansrl.com\/home\/wp-content\/uploads\/2020\/07\/carac-convertechz.png 741w, https:\/\/meriansrl.com\/home\/wp-content\/uploads\/2020\/07\/carac-convertechz-640x291.png 640w, https:\/\/meriansrl.com\/home\/wp-content\/uploads\/2020\/07\/carac-convertechz-400x182.png 400w, https:\/\/meriansrl.com\/home\/wp-content\/uploads\/2020\/07\/carac-convertechz-600x273.png 600w\" sizes=\"auto, (max-width: 741px) 100vw, 741px\" \/><\/p>\n","protected":false},"excerpt":{"rendered":"<p class=\"Estilo14\" align=\"left\">Revestimiento de terminaci\u00f3n mate, aplicable por pincel, rodillo, pistola, aerosol o inmersi\u00f3n. Resistencia en c\u00e1mara de niebla salina superior a 500 hs.<\/p>\n<p class=\"Estilo14\" align=\"left\">Excelente poder impermeabilizante, alto poder cubriente, gran adherencia, elasticidad y compatibilidad con otras pinturas de terminaci\u00f3n. Este revestimiento da excelentes resultados para la protecci\u00f3n de estructuras met\u00e1licas, dep\u00f3sitos de agua potable, soldaduras, ca\u00f1er\u00edas, tanques de gas licuado, silos para almacenaje de granos, superestructuras marinas, c\u00e1maras frigor\u00edficas, y protecci\u00f3n de toda superficie ferrosa, est\u00e9 o no atacada por el \u00f3xido<\/p>\n","protected":false},"featured_media":4184,"comment_status":"open","ping_status":"closed","template":"","meta":[],"class_list":{"0":"post-4182","1":"product","2":"type-product","3":"status-publish","4":"has-post-thumbnail","6":"product_cat-auxiliares-torchas","7":"product_cat-varios","9":"first","10":"instock","11":"taxable","12":"shipping-taxable","13":"product-type-simple"},"_links":{"self":[{"href":"https:\/\/meriansrl.com\/home\/wp-json\/wp\/v2\/product\/4182","targetHints":{"allow":["GET"]}}],"collection":[{"href":"https:\/\/meriansrl.com\/home\/wp-json\/wp\/v2\/product"}],"about":[{"href":"https:\/\/meriansrl.com\/home\/wp-json\/wp\/v2\/types\/product"}],"replies":[{"embeddable":true,"href":"https:\/\/meriansrl.com\/home\/wp-json\/wp\/v2\/comments?post=4182"}],"wp:featuredmedia":[{"embeddable":true,"href":"https:\/\/meriansrl.com\/home\/wp-json\/wp\/v2\/media\/4184"}],"wp:attachment":[{"href":"https:\/\/meriansrl.com\/home\/wp-json\/wp\/v2\/media?parent=4182"}],"curies":[{"name":"wp","href":"https:\/\/api.w.org\/{rel}","templated":true}]}}