{"id":4470,"date":"2020-08-28T11:42:32","date_gmt":"2020-08-28T14:42:32","guid":{"rendered":"https:\/\/meriansrl.com\/home\/?post_type=product&#038;p=4470"},"modified":"2020-08-28T11:42:32","modified_gmt":"2020-08-28T14:42:32","slug":"cepillo-pincel-p-taladro-electrico-acero-latonado-rizado","status":"publish","type":"product","link":"https:\/\/meriansrl.com\/home\/producto\/cepillo-pincel-p-taladro-electrico-acero-latonado-rizado\/","title":{"rendered":"Cepillo Pincel P\/Taladro El\u00e9ctrico &#8211; Acero Latonado Rizado"},"content":{"rendered":"<p><img loading=\"lazy\" decoding=\"async\" class=\"alignnone wp-image-4471 size-large\" src=\"https:\/\/meriansrl.com\/home\/wp-content\/uploads\/2020\/08\/carc-cep-pin-p-tala-1024x233.png\" alt=\"\" width=\"1024\" height=\"233\" srcset=\"https:\/\/meriansrl.com\/home\/wp-content\/uploads\/2020\/08\/carc-cep-pin-p-tala-1024x233.png 1024w, https:\/\/meriansrl.com\/home\/wp-content\/uploads\/2020\/08\/carc-cep-pin-p-tala-768x175.png 768w, https:\/\/meriansrl.com\/home\/wp-content\/uploads\/2020\/08\/carc-cep-pin-p-tala-640x146.png 640w, https:\/\/meriansrl.com\/home\/wp-content\/uploads\/2020\/08\/carc-cep-pin-p-tala-400x91.png 400w, https:\/\/meriansrl.com\/home\/wp-content\/uploads\/2020\/08\/carc-cep-pin-p-tala-600x137.png 600w\" sizes=\"auto, (max-width: 1024px) 100vw, 1024px\" \/><\/p>\n","protected":false},"excerpt":{"rendered":"<p>Para la eliminaci\u00f3n de \u00f3xido, holl\u00edn, exceso de caucho y residuos de combusti\u00f3n en lugares de dif\u00edcil acceso y superficies internas.<\/p>\n","protected":false},"featured_media":4472,"comment_status":"open","ping_status":"closed","template":"","meta":[],"class_list":{"0":"post-4470","1":"product","2":"type-product","3":"status-publish","4":"has-post-thumbnail","6":"product_cat-cepillos-industriales","8":"first","9":"instock","10":"taxable","11":"shipping-taxable","12":"product-type-simple"},"_links":{"self":[{"href":"https:\/\/meriansrl.com\/home\/wp-json\/wp\/v2\/product\/4470","targetHints":{"allow":["GET"]}}],"collection":[{"href":"https:\/\/meriansrl.com\/home\/wp-json\/wp\/v2\/product"}],"about":[{"href":"https:\/\/meriansrl.com\/home\/wp-json\/wp\/v2\/types\/product"}],"replies":[{"embeddable":true,"href":"https:\/\/meriansrl.com\/home\/wp-json\/wp\/v2\/comments?post=4470"}],"wp:featuredmedia":[{"embeddable":true,"href":"https:\/\/meriansrl.com\/home\/wp-json\/wp\/v2\/media\/4472"}],"wp:attachment":[{"href":"https:\/\/meriansrl.com\/home\/wp-json\/wp\/v2\/media?parent=4470"}],"curies":[{"name":"wp","href":"https:\/\/api.w.org\/{rel}","templated":true}]}}