{"id":4515,"date":"2020-09-03T16:59:38","date_gmt":"2020-09-03T19:59:38","guid":{"rendered":"https:\/\/meriansrl.com\/home\/?post_type=product&#038;p=4515"},"modified":"2022-08-26T16:38:13","modified_gmt":"2022-08-26T19:38:13","slug":"pulverizador-de-pintura-sin-aire","status":"publish","type":"product","link":"https:\/\/meriansrl.com\/home\/producto\/pulverizador-de-pintura-sin-aire\/","title":{"rendered":"Pulverizador de Pintura sin Aire"},"content":{"rendered":"<p style=\"text-align: left\">\n<p><img loading=\"lazy\" decoding=\"async\" class=\"alignnone wp-image-4517 size-full\" src=\"https:\/\/meriansrl.com\/home\/wp-content\/uploads\/2020\/09\/carac-ciclon.png\" alt=\"\" width=\"439\" height=\"301\" srcset=\"https:\/\/meriansrl.com\/home\/wp-content\/uploads\/2020\/09\/carac-ciclon.png 439w, https:\/\/meriansrl.com\/home\/wp-content\/uploads\/2020\/09\/carac-ciclon-400x274.png 400w\" sizes=\"auto, (max-width: 439px) 100vw, 439px\" \/><\/p>\n<p>&nbsp;<\/p>\n","protected":false},"excerpt":{"rendered":"<p style=\"text-align: center\"><strong><a href=\"https:\/\/meriansrl.com\/home\/wp-content\/uploads\/2020\/09\/FICHA-TECNICA.pdf\" target=\"_blank\" rel=\"noopener noreferrer\">FICHA TECNICA<\/a><\/strong><\/p>\n<p><img loading=\"lazy\" decoding=\"async\" class=\"size-medium wp-image-5330 aligncenter\" src=\"https:\/\/meriansrl.com\/home\/wp-content\/uploads\/2020\/09\/1-1-300x225.jpg\" alt=\"\" width=\"300\" height=\"225\" \/><\/p>\n<p><img loading=\"lazy\" decoding=\"async\" class=\"size-medium wp-image-5326 aligncenter\" src=\"https:\/\/meriansrl.com\/home\/wp-content\/uploads\/2020\/09\/Sin-titulo-284x300.png\" alt=\"\" width=\"284\" height=\"300\" \/><\/p>\n<p style=\"text-align: center\">El pulverizador de pintura sin aire el\u00e9ctrico CICL\u00d3N SL6, proporciona un rendimiento de pulverizaci\u00f3n en un dise\u00f1o compacto y port\u00e1til, perfecto PARA trabajos livianos como ESTRUCTURAS, cercas y otros proyectos de pintura. Tambi\u00e9n es muy recomendable para\u00a0rociar l\u00edquido desinfectante contra CUALQUIER VIRUS.<\/p>\n<p><img loading=\"lazy\" decoding=\"async\" class=\"wp-image-4518 aligncenter\" src=\"https:\/\/meriansrl.com\/home\/wp-content\/uploads\/2020\/09\/airless.png\" alt=\"\" width=\"107\" height=\"65\" \/><\/p>\n","protected":false},"featured_media":4516,"comment_status":"open","ping_status":"closed","template":"","meta":[],"class_list":{"0":"post-4515","1":"product","2":"type-product","3":"status-publish","4":"has-post-thumbnail","6":"product_cat-maquinas-electricas","7":"yith_product_brand-ciclon","9":"first","10":"instock","11":"taxable","12":"shipping-taxable","13":"product-type-simple"},"_links":{"self":[{"href":"https:\/\/meriansrl.com\/home\/wp-json\/wp\/v2\/product\/4515","targetHints":{"allow":["GET"]}}],"collection":[{"href":"https:\/\/meriansrl.com\/home\/wp-json\/wp\/v2\/product"}],"about":[{"href":"https:\/\/meriansrl.com\/home\/wp-json\/wp\/v2\/types\/product"}],"replies":[{"embeddable":true,"href":"https:\/\/meriansrl.com\/home\/wp-json\/wp\/v2\/comments?post=4515"}],"wp:featuredmedia":[{"embeddable":true,"href":"https:\/\/meriansrl.com\/home\/wp-json\/wp\/v2\/media\/4516"}],"wp:attachment":[{"href":"https:\/\/meriansrl.com\/home\/wp-json\/wp\/v2\/media?parent=4515"}],"curies":[{"name":"wp","href":"https:\/\/api.w.org\/{rel}","templated":true}]}}