{"id":4622,"date":"2020-10-26T11:35:59","date_gmt":"2020-10-26T14:35:59","guid":{"rendered":"https:\/\/meriansrl.com\/home\/?post_type=product&#038;p=4622"},"modified":"2020-10-26T12:07:41","modified_gmt":"2020-10-26T15:07:41","slug":"blutech-tx-3250-hf","status":"publish","type":"product","link":"https:\/\/meriansrl.com\/home\/producto\/blutech-tx-3250-hf\/","title":{"rendered":"Blutech TX 3250 HF"},"content":{"rendered":"<p>Inverter de soldadura proyectados para poder trabajar con tensiones de alimentaci\u00f3n inestables causadas por el uso de grupos electr\u00f3genos o largas l\u00edneas de alimentaci\u00f3n. Controlados por microprocesadores, proporcionan excelentes rendimientos de soldadura en STICK con todos los tipos de electrodos comerciales, y en TIG con arranque HF con materiales como acero, cobre, acero inoxidable, etc. STICK: Arc Force y Hot Start ajustables. TIG: 2 tiempos, 4 tiempos, 2 tiempos por impulsos o 4 tiempos por impulsos. Todas las funciones TIG son ajustables. Est\u00e1n provistos de un instrumento digital para visualizar tanto la tensi\u00f3n como la corriente de soldadura y todos los valores de soldadura se ajustan del cuadro frontal. Se pueden proporcionar con mando a distancia o de pedal. Equipados con funci\u00f3n de reducci\u00f3n de tensi\u00f3n VRD. Todos los generadores est\u00e1n equipados<br \/>\ncon funci\u00f3n CV que permite el uso de alimentadores de alambre auto sensibles.<\/p>\n<p><img loading=\"lazy\" decoding=\"async\" class=\"alignnone wp-image-4625 size-full\" src=\"https:\/\/meriansrl.com\/home\/wp-content\/uploads\/2020\/10\/cuadro-tx3250-HF.png\" alt=\"\" width=\"755\" height=\"651\" srcset=\"https:\/\/meriansrl.com\/home\/wp-content\/uploads\/2020\/10\/cuadro-tx3250-HF.png 755w, https:\/\/meriansrl.com\/home\/wp-content\/uploads\/2020\/10\/cuadro-tx3250-HF-640x552.png 640w, https:\/\/meriansrl.com\/home\/wp-content\/uploads\/2020\/10\/cuadro-tx3250-HF-400x345.png 400w, https:\/\/meriansrl.com\/home\/wp-content\/uploads\/2020\/10\/cuadro-tx3250-HF-600x517.png 600w\" sizes=\"auto, (max-width: 755px) 100vw, 755px\" \/><\/p>\n","protected":false},"excerpt":{"rendered":"<p><img loading=\"lazy\" decoding=\"async\" class=\"alignnone wp-image-4623 size-full\" src=\"https:\/\/meriansrl.com\/home\/wp-content\/uploads\/2020\/10\/carac-blutech-tx-3250hf.png\" alt=\"\" width=\"395\" height=\"706\" \/><\/p>\n","protected":false},"featured_media":4624,"comment_status":"open","ping_status":"closed","template":"","meta":[],"class_list":{"0":"post-4622","1":"product","2":"type-product","3":"status-publish","4":"has-post-thumbnail","6":"product_cat-equipos-de-soldadura","7":"product_cat-rectificadoras-inverter-tig-dc","8":"product_cat-soldadura-y-corte","9":"yith_product_brand-bluweld","11":"first","12":"instock","13":"taxable","14":"shipping-taxable","15":"product-type-simple"},"_links":{"self":[{"href":"https:\/\/meriansrl.com\/home\/wp-json\/wp\/v2\/product\/4622","targetHints":{"allow":["GET"]}}],"collection":[{"href":"https:\/\/meriansrl.com\/home\/wp-json\/wp\/v2\/product"}],"about":[{"href":"https:\/\/meriansrl.com\/home\/wp-json\/wp\/v2\/types\/product"}],"replies":[{"embeddable":true,"href":"https:\/\/meriansrl.com\/home\/wp-json\/wp\/v2\/comments?post=4622"}],"wp:featuredmedia":[{"embeddable":true,"href":"https:\/\/meriansrl.com\/home\/wp-json\/wp\/v2\/media\/4624"}],"wp:attachment":[{"href":"https:\/\/meriansrl.com\/home\/wp-json\/wp\/v2\/media?parent=4622"}],"curies":[{"name":"wp","href":"https:\/\/api.w.org\/{rel}","templated":true}]}}