{"id":4701,"date":"2020-12-17T16:58:51","date_gmt":"2020-12-17T19:58:51","guid":{"rendered":"https:\/\/meriansrl.com\/home\/?post_type=product&#038;p=4701"},"modified":"2020-12-17T16:58:52","modified_gmt":"2020-12-17T19:58:52","slug":"soldadoras-rectificadoras-inverter-tig-dc-2","status":"publish","type":"product","link":"https:\/\/meriansrl.com\/home\/producto\/soldadoras-rectificadoras-inverter-tig-dc-2\/","title":{"rendered":"Soldadoras Rectificadoras Inverter + TIG DC"},"content":{"rendered":"<p><img loading=\"lazy\" decoding=\"async\" class=\"alignnone wp-image-4702 size-full\" src=\"https:\/\/meriansrl.com\/home\/wp-content\/uploads\/2020\/12\/carac-tx1800_2250.png\" alt=\"\" width=\"612\" height=\"271\" srcset=\"https:\/\/meriansrl.com\/home\/wp-content\/uploads\/2020\/12\/carac-tx1800_2250.png 612w, https:\/\/meriansrl.com\/home\/wp-content\/uploads\/2020\/12\/carac-tx1800_2250-400x177.png 400w, https:\/\/meriansrl.com\/home\/wp-content\/uploads\/2020\/12\/carac-tx1800_2250-600x266.png 600w\" sizes=\"auto, (max-width: 612px) 100vw, 612px\" \/><\/p>\n","protected":false},"excerpt":{"rendered":"<p>Inverter de soldadura dise\u00f1ados para poder trabajar con tensiones de alimentaci\u00f3n inestables causadas por la utilizaci\u00f3n de grupos electr\u00f3genos o largas l\u00edneas de conexi\u00f3n. Controlados por microprocesadores, presentan \u00f3ptimas prestaciones de soldadura en Stick con todos los tipos de electrodos comerciales. BLUTEC 181T, 225T, 325T y 400T en TIG con detonador HF con materiales como acero, cobre, acero inoxidable, etc. Provistos con torcha, cable y pinza masa.<\/p>\n<p>STICK: Arc Force y hot Start precon\ufb01gurados en los valores \u00f3ptimos. TIG: 2 tiempos, 4 tiempos, 2 tiempos a impulsos o 4 tiempos a impulsos = Arco Pulsado.<\/p>\n<p>Funciones de rampa de bajada y post gas ajustables directamente mediante el cuadro frontal. Los modelos BLUTEC 225T, 325T y 400T se ha equipado con un instrumento digital para la visualizaci\u00f3n de la corriente real de soldadura.<\/p>\n","protected":false},"featured_media":4703,"comment_status":"open","ping_status":"closed","template":"","meta":[],"class_list":{"0":"post-4701","1":"product","2":"type-product","3":"status-publish","4":"has-post-thumbnail","6":"product_cat-rectificadoras-inverter-tig-dc","7":"product_cat-soldadura-y-corte","8":"yith_product_brand-bluweld","10":"first","11":"instock","12":"taxable","13":"shipping-taxable","14":"product-type-simple"},"_links":{"self":[{"href":"https:\/\/meriansrl.com\/home\/wp-json\/wp\/v2\/product\/4701","targetHints":{"allow":["GET"]}}],"collection":[{"href":"https:\/\/meriansrl.com\/home\/wp-json\/wp\/v2\/product"}],"about":[{"href":"https:\/\/meriansrl.com\/home\/wp-json\/wp\/v2\/types\/product"}],"replies":[{"embeddable":true,"href":"https:\/\/meriansrl.com\/home\/wp-json\/wp\/v2\/comments?post=4701"}],"wp:featuredmedia":[{"embeddable":true,"href":"https:\/\/meriansrl.com\/home\/wp-json\/wp\/v2\/media\/4703"}],"wp:attachment":[{"href":"https:\/\/meriansrl.com\/home\/wp-json\/wp\/v2\/media?parent=4701"}],"curies":[{"name":"wp","href":"https:\/\/api.w.org\/{rel}","templated":true}]}}