{"id":784,"date":"2017-09-29T15:02:04","date_gmt":"2017-09-29T15:02:04","guid":{"rendered":"http:\/\/meriansrl.com\/home\/?post_type=product&#038;p=784"},"modified":"2020-08-12T16:40:59","modified_gmt":"2020-08-12T19:40:59","slug":"equipo-de-corte-plasma-inverter-blucut-382","status":"publish","type":"product","link":"https:\/\/meriansrl.com\/home\/producto\/equipo-de-corte-plasma-inverter-blucut-382\/","title":{"rendered":"Plasma Inverter BLUCUT 382"},"content":{"rendered":"<p><img loading=\"lazy\" decoding=\"async\" class=\"alignnone wp-image-4356 size-full\" src=\"https:\/\/meriansrl.com\/home\/wp-content\/uploads\/2017\/09\/carc-blu382.png\" alt=\"\" width=\"646\" height=\"397\" srcset=\"https:\/\/meriansrl.com\/home\/wp-content\/uploads\/2017\/09\/carc-blu382.png 646w, https:\/\/meriansrl.com\/home\/wp-content\/uploads\/2017\/09\/carc-blu382-640x393.png 640w, https:\/\/meriansrl.com\/home\/wp-content\/uploads\/2017\/09\/carc-blu382-400x246.png 400w, https:\/\/meriansrl.com\/home\/wp-content\/uploads\/2017\/09\/carc-blu382-600x369.png 600w\" sizes=\"auto, (max-width: 646px) 100vw, 646px\" \/><\/p>\n","protected":false},"excerpt":{"rendered":"<p>Equipos de Corte Plasma Inverter:<\/p>\n<p>Equipos de corte Plasma con tecnolog\u00eda inverter controlados por microprocesador que garantizan corte preciso y limpio hasta 8 \/ 16 mm de espesor. Equipados con torchas neum\u00e1ticas sin HF.<br \/>\nPort\u00e1tiles y f\u00e1ciles de usar, aptos para todos los trabajos de corte a alta velocidad sobre materiales finos.<br \/>\nEl panel frontal presenta una gr\u00e1fica simple e inmediata para la regulaci\u00f3n de la corriente de corte y para la se\u00f1alizaci\u00f3n de la intervenci\u00f3n de los elementos de seguridad internos. Un particular sistema de arranque garantiza al operador intervenciones sin riesgos. Ideales para trabajos de carrocer\u00edas liviana y pesada, astilleros, calderas, ductos de ventilaci\u00f3n y acondicionamiento, trabajos generales y de mantenimiento en chapas.<br \/>\nEl modelo Blucut 382 tiene compresor interno que permite adem\u00e1s hasta 6mm trabajar donde no hay provisi\u00f3n de aire comprimido externa con cortes de calidad en todos los materiales conductores como aceros, inox, aluminio, cobre, bronce, etc. Permite tambi\u00e9n la posibilidad de conectarse a un compresor externo mejorando su capacidad de corte m\u00e1ximo hasta 10 mm.<\/p>\n","protected":false},"featured_media":2051,"comment_status":"open","ping_status":"closed","template":"","meta":[],"class_list":{"0":"post-784","1":"product","2":"type-product","3":"status-publish","4":"has-post-thumbnail","6":"product_cat-equipos-de-corte-plasma","7":"product_cat-inverter","8":"product_tag-equipo-corte-plasma","9":"product_tag-inverter","10":"yith_product_brand-bluweld","12":"first","13":"instock","14":"taxable","15":"shipping-taxable","16":"product-type-simple"},"_links":{"self":[{"href":"https:\/\/meriansrl.com\/home\/wp-json\/wp\/v2\/product\/784","targetHints":{"allow":["GET"]}}],"collection":[{"href":"https:\/\/meriansrl.com\/home\/wp-json\/wp\/v2\/product"}],"about":[{"href":"https:\/\/meriansrl.com\/home\/wp-json\/wp\/v2\/types\/product"}],"replies":[{"embeddable":true,"href":"https:\/\/meriansrl.com\/home\/wp-json\/wp\/v2\/comments?post=784"}],"wp:featuredmedia":[{"embeddable":true,"href":"https:\/\/meriansrl.com\/home\/wp-json\/wp\/v2\/media\/2051"}],"wp:attachment":[{"href":"https:\/\/meriansrl.com\/home\/wp-json\/wp\/v2\/media?parent=784"}],"curies":[{"name":"wp","href":"https:\/\/api.w.org\/{rel}","templated":true}]}}