{"id":794,"date":"2018-01-30T15:30:26","date_gmt":"2018-01-30T18:30:26","guid":{"rendered":"http:\/\/meriansrl.com\/home\/?post_type=product&#038;p=794"},"modified":"2021-03-12T17:31:52","modified_gmt":"2021-03-12T20:31:52","slug":"torchas-minor-mig-24-501","status":"publish","type":"product","link":"https:\/\/meriansrl.com\/home\/producto\/torchas-minor-mig-24-501\/","title":{"rendered":"Torchas Minor MIG 15 &#8211; 24 &#8211; 36 &#8211; 501"},"content":{"rendered":"<p><img loading=\"lazy\" decoding=\"async\" class=\"alignnone wp-image-4839 size-full\" src=\"https:\/\/meriansrl.com\/home\/wp-content\/uploads\/2018\/01\/torchas-minor.png\" alt=\"\" width=\"610\" height=\"575\" srcset=\"https:\/\/meriansrl.com\/home\/wp-content\/uploads\/2018\/01\/torchas-minor.png 610w, https:\/\/meriansrl.com\/home\/wp-content\/uploads\/2018\/01\/torchas-minor-400x377.png 400w, https:\/\/meriansrl.com\/home\/wp-content\/uploads\/2018\/01\/torchas-minor-600x566.png 600w\" sizes=\"auto, (max-width: 610px) 100vw, 610px\" \/><\/p>\n<p>&nbsp;<\/p>\n<ul>\n<li><strong>CARACTER\u00cdSTICAS<\/strong><strong>\u00a0MINOR24<\/strong><\/li>\n<\/ul>\n<table border=\"0\" width=\"100%\" cellspacing=\"1\" cellpadding=\"1\" align=\"center\">\n<tbody>\n<tr>\n<td bgcolor=\"#E9EEF5\" width=\"60%\">M\u00c9TODO DE GUIADO<\/td>\n<td bgcolor=\"#E9EEF5\" width=\"40%\"><strong>MANUAL<\/strong><\/td>\n<\/tr>\n<tr>\n<td>TIPO DE PROCESO<\/td>\n<td><strong>MIG\/MAG<\/strong><\/td>\n<\/tr>\n<tr>\n<td bgcolor=\"#E9EEF5\">TIPO DE REFRIGERACI\u00d3N<\/td>\n<td bgcolor=\"#E9EEF5\"><strong>GAS<\/strong><\/td>\n<\/tr>\n<tr>\n<td>DI\u00c1METRO DEL ELECTRODO DEL HILO<\/td>\n<td><strong>0,6-1,2 mm<\/strong><\/td>\n<\/tr>\n<tr>\n<td bgcolor=\"#E9EEF5\">CAUDAL DE GAS<\/td>\n<td bgcolor=\"#E9EEF5\"><strong>8-15 l\/m<\/strong><\/td>\n<\/tr>\n<tr>\n<td>CLASE DE TENSI\u00d3N ACORDE CON UNE-EN 60974-1<\/td>\n<td><strong>113V CC<\/strong><\/td>\n<\/tr>\n<tr>\n<td bgcolor=\"#E9EEF5\">LONGITUD DE ANTORCHA<\/td>\n<td bgcolor=\"#E9EEF5\"><strong>3,4,5 mm<\/strong><\/td>\n<\/tr>\n<tr>\n<td>CONTROLES EL\u00c9CTRICOS<\/td>\n<td>Pulsador mec\u00e1nico, microinterrruptor<\/td>\n<\/tr>\n<tr>\n<td bgcolor=\"#E9EEF5\">ENSAYOS REALIZADOS BAJO NORMATIVA<\/td>\n<td bgcolor=\"#E9EEF5\"><strong>EN-60974-7<\/strong><\/td>\n<\/tr>\n<\/tbody>\n<\/table>\n<div class=\"contentdivider\"><\/div>\n<ul>\n<li><strong>CARACTER\u00cdSTICAS\u00a0MINOR501<\/strong><\/li>\n<\/ul>\n<table border=\"0\" width=\"100%\" cellspacing=\"1\" cellpadding=\"1\" align=\"center\">\n<tbody>\n<tr>\n<td bgcolor=\"#E9EEF5\" width=\"60%\">M\u00c9TODO DE GUIADO<\/td>\n<td bgcolor=\"#E9EEF5\" width=\"40%\"><strong>MANUAL<\/strong><\/td>\n<\/tr>\n<tr>\n<td>TIPO DE PROCESO<\/td>\n<td><strong>MIG\/MAG<\/strong><\/td>\n<\/tr>\n<tr>\n<td bgcolor=\"#E9EEF5\">TIPO DE REFRIGERACI\u00d3N<\/td>\n<td bgcolor=\"#E9EEF5\"><strong>LIQUIDO<\/strong><\/td>\n<\/tr>\n<tr>\n<td>DI\u00c1METRO DEL ELECTRODO DEL HILO<\/td>\n<td><strong>1,0-2,0 mm<\/strong><\/td>\n<\/tr>\n<tr>\n<td bgcolor=\"#E9EEF5\">CAUDAL DE GAS<\/td>\n<td bgcolor=\"#E9EEF5\"><strong>10-20 l\/m<\/strong><\/td>\n<\/tr>\n<tr>\n<td>CLASE DE TENSI\u00d3N ACORDE CON UNE-EN 60974-1<\/td>\n<td><strong>113V CC<\/strong><\/td>\n<\/tr>\n<tr>\n<td bgcolor=\"#E9EEF5\">LONGITUD DE ANTORCHA<\/td>\n<td bgcolor=\"#E9EEF5\"><strong>3,4,5 mm<\/strong><\/td>\n<\/tr>\n<tr>\n<td>CONTROLES EL\u00c9CTRICOS<\/td>\n<td>Pulsador mec\u00e1nico, microinterrruptor<\/td>\n<\/tr>\n<tr>\n<td bgcolor=\"#E9EEF5\">ENSAYOS REALIZADOS BAJO NORMATIVA<\/td>\n<td bgcolor=\"#E9EEF5\"><strong>EN-60974-7<\/strong><\/td>\n<\/tr>\n<\/tbody>\n<\/table>\n<p>&nbsp;<\/p>\n<p><img loading=\"lazy\" decoding=\"async\" class=\"alignnone wp-image-1644 size-full\" src=\"https:\/\/meriansrl.com\/home\/wp-content\/uploads\/2018\/01\/Accesorios-Torchas-Minor-EM15-Galeria.png\" alt=\"\" width=\"358\" height=\"530\" \/><\/p>\n<p><img loading=\"lazy\" decoding=\"async\" class=\"alignnone wp-image-1649 size-full\" src=\"https:\/\/meriansrl.com\/home\/wp-content\/uploads\/2018\/01\/Accesorios-Torchas-Minor-EM24-Galeria-1.png\" alt=\"\" width=\"402\" height=\"596\" \/><\/p>\n<p><img loading=\"lazy\" decoding=\"async\" class=\"alignnone wp-image-1656 size-full\" src=\"https:\/\/meriansrl.com\/home\/wp-content\/uploads\/2018\/01\/Accesorios-Torchas-Minor-EM36-Galeria-1.png\" alt=\"\" width=\"406\" height=\"591\" \/><\/p>\n<p><img loading=\"lazy\" decoding=\"async\" class=\"alignnone wp-image-1665 size-full\" src=\"https:\/\/meriansrl.com\/home\/wp-content\/uploads\/2018\/01\/Accesorios-Torchas-Minor-EM501W-Galeria-1.png\" alt=\"\" width=\"405\" height=\"594\" \/><\/p>\n","protected":false},"excerpt":{"rendered":"<p>&nbsp; CARACTER\u00cdSTICAS\u00a0MINOR24 M\u00c9TODO DE GUIADO MANUAL TIPO DE PROCESO MIG\/MAG TIPO DE REFRIGERACI\u00d3N GAS DI\u00c1METRO DEL ELECTRODO DEL HILO 0,6-1,2 mm CAUDAL DE GAS 8-15 l\/m CLASE DE TENSI\u00d3N ACORDE CON UNE-EN 60974-1 113V CC LONGITUD DE ANTORCHA 3,4,5 mm CONTROLES EL\u00c9CTRICOS Pulsador mec\u00e1nico, microinterrruptor ENSAYOS REALIZADOS BAJO NORMATIVA EN-60974-7 CARACTER\u00cdSTICAS\u00a0MINOR501 M\u00c9TODO DE GUIADO MANUAL [&hellip;]<\/p>\n","protected":false},"featured_media":795,"comment_status":"open","ping_status":"closed","template":"","meta":[],"class_list":{"0":"post-794","1":"product","2":"type-product","3":"status-publish","4":"has-post-thumbnail","6":"product_cat-mig-mag","7":"product_cat-torchas","8":"product_tag-torchas-minor-mig-24-501","9":"yith_product_brand-ergodani","11":"first","12":"instock","13":"featured","14":"taxable","15":"shipping-taxable","16":"product-type-simple"},"_links":{"self":[{"href":"https:\/\/meriansrl.com\/home\/wp-json\/wp\/v2\/product\/794","targetHints":{"allow":["GET"]}}],"collection":[{"href":"https:\/\/meriansrl.com\/home\/wp-json\/wp\/v2\/product"}],"about":[{"href":"https:\/\/meriansrl.com\/home\/wp-json\/wp\/v2\/types\/product"}],"replies":[{"embeddable":true,"href":"https:\/\/meriansrl.com\/home\/wp-json\/wp\/v2\/comments?post=794"}],"wp:featuredmedia":[{"embeddable":true,"href":"https:\/\/meriansrl.com\/home\/wp-json\/wp\/v2\/media\/795"}],"wp:attachment":[{"href":"https:\/\/meriansrl.com\/home\/wp-json\/wp\/v2\/media?parent=794"}],"curies":[{"name":"wp","href":"https:\/\/api.w.org\/{rel}","templated":true}]}}